{"id":1196,"date":"2024-05-09T10:52:54","date_gmt":"2024-05-09T08:52:54","guid":{"rendered":"https:\/\/vallilanzoemaira.it\/datenschutzerklaerung\/"},"modified":"2024-05-09T10:52:54","modified_gmt":"2024-05-09T08:52:54","slug":"datenschutzerklaerung","status":"publish","type":"page","link":"https:\/\/vallilanzoemaira.it\/de\/datenschutzerklaerung\/","title":{"rendered":"Datenschutzerkl\u00e4rung"},"content":{"rendered":"<p>Valli Lanzo &amp; Maira S.c.a.r.l. beabsichtigt, im Einklang mit dem Gesetzesdekret 196\/2003 (im Folgenden \u201eDatenschutzkodex\u201c) und der Verordnung (EU) 2016\/679 (im Folgenden \u201eDSGVO\u201c) den Schutz und die Sicherheit der personenbezogenen Daten jedes Besuchers in \u00dcbereinstimmung mit den Bestimmungen dieser Datenschutzerkl\u00e4rung zu gew\u00e4hrleisten. <\/p>\n<h2>Wer wir sind<\/h2>\n<p>Valli Lanzo &amp; Maira S.c.a.r.l. ist der Verantwortliche f\u00fcr die Datenverarbeitung dieser Website. Der eingetragene Sitz befindet sich in Piazza XX Settembre 3, Dronero (12025). Sie k\u00f6nnen uns \u00fcber <a href=\"\/#contatti\">dieses Formular<\/a> kontaktieren.  <\/p>\n<h2>Welche personenbezogenen Daten wir erheben und warum<\/h2>\n<p>Wir erheben eine Reihe personenbezogener Daten \u00fcber unsere Kunden und Nutzer, die unsere Website besuchen, die den nachfolgend beschriebenen Kategorien zugeordnet werden k\u00f6nnen. Die Nutzung der Website ist nicht f\u00fcr Personen unter 16 Jahren bestimmt, und wir erheben wissentlich keine Daten, die diese betreffen. Sollten wir feststellen, dass wir personenbezogene Daten von Nutzern unter 16 Jahren erhoben haben, werden wir die erforderlichen Ma\u00dfnahmen ergreifen, um diese Informationen so schnell wie m\u00f6glich zu l\u00f6schen.  <\/p>\n<h3 id=\"cookies\">Cookies<\/h3>\n<p>Cookies sind Dateien, die auf der Festplatte Ihres Ger\u00e4ts gespeichert werden k\u00f6nnen. Dies erm\u00f6glicht eine komfortablere Navigation und eine einfachere Nutzung der Website. Cookies k\u00f6nnen verwendet werden, um festzustellen, ob bereits eine Verbindung zwischen Ihrem Ger\u00e4t und unseren Seiten hergestellt wurde. Die auf einer Website vorhandenen Cookies werden in folgende Hauptkategorien unterteilt:   <\/p>\n<ul>\n<li><strong>Technische Cookies:<\/strong> Dies sind Cookies, die zur Navigation oder zur Bereitstellung eines vom Nutzer angeforderten Dienstes dienen. Sie werden nicht f\u00fcr weitere Zwecke verwendet und werden normalerweise direkt vom Betreiber der Website installiert. Diese Cookies erfordern keine Einwilligung.  <\/li>\n<li><strong>Profiling-Cookies:<\/strong> Dies sind Cookies, die verwendet werden, um die Navigation des Nutzers im Internet zu verfolgen und Profile \u00fcber seine Vorlieben, Gewohnheiten, Entscheidungen usw. zu erstellen. Mit diesen Cookies k\u00f6nnen Werbebotschaften an das Endger\u00e4t des Nutzers \u00fcbermittelt werden, die mit den Pr\u00e4ferenzen \u00fcbereinstimmen, die der Nutzer bereits bei der Online-Navigation gezeigt hat.<\/li>\n<\/ul>\n<p>Die meisten Browser akzeptieren Cookies automatisch. Sie k\u00f6nnen die Autorisierung jederzeit ablehnen oder widerrufen, indem Sie die entsprechenden Parameter in den spezifischen Optionen des von Ihnen verwendeten Browsers ausw\u00e4hlen. Weitere Informationen zur Durchf\u00fchrung dieses Vorgangs finden Sie in den Anweisungen Ihres Browsers:  <\/p>\n<ul>\n<li><a href=\"https:\/\/support.google.com\/chrome\/answer\/95647?hl=it&amp;p=cpn_cookies\">Google Chrome<\/a><\/li>\n<li><a href=\"https:\/\/support.mozilla.org\/it\/kb\/Attivare%20e%20disattivare%20i%20cookie\">Mozilla Firefox<\/a><\/li>\n<li><a href=\"https:\/\/support.apple.com\/it-it\/HT201265\">Apple Safari<\/a><\/li>\n<li><a href=\"https:\/\/windows.microsoft.com\/it-it\/internet-explorer\/delete-manage-cookies#ie=ie-11\">Microsoft Internet Explorer<\/a><\/li>\n<li><a href=\"https:\/\/privacy.microsoft.com\/it-it\/windows-10-microsoft-edge-and-privacy\">Microsoft Edge<\/a><\/li>\n<\/ul>\n<p>Die Entscheidung, Cookies vom Browser nicht akzeptieren zu lassen, kann die auf unserer Website zug\u00e4nglichen Funktionen einschr\u00e4nken. Diese Website verwendet folgende Cookies: <\/p>\n<h4>Erstanbieter-Cookies<\/h4>\n<p>Diese Website verwendet die folgenden technischen Cookies ausschlie\u00dflich zum Zweck der bestm\u00f6glichen Bereitstellung des Dienstes:<\/p>\n<ul>\n<li><a href=\"https:\/\/codex.wordpress.org\/WordPress_Cookies\" target=\"_blank\" rel=\"noopener noreferrer\">WordPress<\/a><\/li>\n<li><strong>cookie_notice<\/strong>: dient dazu, die vom Nutzer getroffene Entscheidung zu speichern, ob er die Verwendung von Cookies auf dieser Website akzeptiert oder nicht.<\/li>\n<\/ul>\n<h4>Drittanbieter-Cookies<\/h4>\n<p>Diese Website sammelt Informationen in aggregierter Form \u00fcber die Anzahl der Nutzer und dar\u00fcber, wie diese die Website besuchen. Dar\u00fcber hinaus verwendet sie eingebettete Objekte, um einen besseren Service zu bieten und mehr Funktionen anzubieten. Informationen \u00fcber die Zwecke, die Art und die Modalit\u00e4ten der Erhebung, Verarbeitung, Nutzung und Speicherung personenbezogener Daten durch den Drittanbieter sowie \u00fcber die Modalit\u00e4ten zur Aus\u00fcbung Ihrer Rechte entnehmen Sie bitte der Datenschutzerkl\u00e4rung des jeweiligen Drittanbieters. Zusammenfassend werden folgende Drittanbieter-Cookies heruntergeladen:  <\/p>\n<ul>\n<li><a href=\"https:\/\/developers.google.com\/analytics\/devguides\/collection\/analyticsjs\/cookie-usage\" target=\"_blank\" rel=\"noopener noreferrer\">Google Analytics<\/a>: wird technischen Cookies gleichgestellt, da die Maskierung der IP-Adresse verwendet wird, um Informationen in aggregierter Form \u00fcber die Anzahl der Nutzer und dar\u00fcber zu sammeln, wie diese die Website besuchen. Es ist m\u00f6glich, ein Browser-Add-on herunterzuladen, um Google Analytics zu deaktivieren (<a href=\"https:\/\/tools.google.com\/dlpage\/gaoptout?hl=it\">weitere Informationen<\/a>). <\/li>\n<li>ReCAPTCHA: wird technischen Cookies gleichgestellt, da die Domain www.recaptcha.net anstelle von www.google.com verwendet wird (<a href=\"https:\/\/developers.google.com\/recaptcha\/docs\/faq\">Info<\/a>).<\/li>\n<\/ul>\n<h3>Kontaktanfrage<\/h3>\n<p>Wenn Sie uns \u00fcber eines der auf der Website verf\u00fcgbaren Formulare kontaktieren, fragen wir Sie nach Vor- und Nachnamen sowie E-Mail-Adresse. Diese Informationen ben\u00f6tigen wir, um Ihnen gegebenenfalls antworten zu k\u00f6nnen, und sie werden nicht ver\u00f6ffentlicht. Teilen Sie keine pers\u00f6nlichen Dokumente oder sensiblen Informationen mit uns, weder \u00fcber sich selbst noch \u00fcber andere. Um Spam einzud\u00e4mmen, nutzen wir den reCAPTCHA-Dienst von Google, an den einige Daten, einschlie\u00dflich der von Ihnen verwendeten IP-Adresse, \u00fcbermittelt werden. Hier finden Sie die <a href=\"https:\/\/policies.google.com\/?hl=it\" target=\"_blank\" rel=\"noopener noreferrer\">Datenschutzerkl\u00e4rung von reCAPTCHA<\/a>.    <\/p>\n<h2>Ihre Rechte<\/h2>\n<p>Wenn Sie ein Konto auf dieser Website haben oder Kommentare oder Bewertungen hinterlassen haben, k\u00f6nnen Sie \u00fcber das <a href=\"\/#contatti\">Kontaktformular<\/a> anfragen, welche Daten wir \u00fcber Sie speichern, einschlie\u00dflich der Daten, die Sie uns zur Verf\u00fcgung gestellt haben. Nachdem wir uns vergewissert haben, dass die Anfrage tats\u00e4chlich von Ihnen stammt, stellen wir Ihnen so schnell wie m\u00f6glich eine ZIP-Datei mit allen Informationen zur Verf\u00fcgung, die wir \u00fcber Sie haben. Ebenso haben Sie das Recht, die Berichtigung oder L\u00f6schung aller personenbezogenen Daten, die Sie betreffen, sowie die Einschr\u00e4nkung und den Widerspruch gegen deren Verarbeitung sowie die \u00dcbermittlung derselben an einen anderen Verantwortlichen zu verlangen. Diese Rechte gelten jedoch nicht f\u00fcr Daten, die wir aus administrativen, rechtlichen oder Sicherheitsgr\u00fcnden aufbewahren m\u00fcssen.   <\/p>\n<h2>Speicherung personenbezogener Daten<\/h2>\n<p>Ihre Daten werden auf einem Virtual Private Server von Serverplan gespeichert, der in einer Serverfarm in Italien gehostet wird. Hier finden Sie die <a href=\"https:\/\/www.serverplan.com\/about-us\/privacy\" target=\"_blank\" rel=\"noopener noreferrer\">Datenschutzerkl\u00e4rung von Serverplan<\/a>. Aus Sicherheitsgr\u00fcnden speichern wir einige Backup-Kopien auf Amazon S3. Hier finden Sie die <a href=\"https:\/\/aws.amazon.com\/it\/privacy\/\" target=\"_blank\" rel=\"noopener noreferrer\">Datenschutzerkl\u00e4rung von Amazon AWS<\/a>.   <\/p>\n<h2>Weitergabe personenbezogener Daten<\/h2>\n<p>Wir geben Ihre personenbezogenen Daten nur dann und ausschlie\u00dflich an andere Unternehmen weiter, wenn dies unbedingt erforderlich ist, um Ihnen einen Dienst gem\u00e4\u00df den vorstehenden Abs\u00e4tzen bereitzustellen. Hier sind die von uns genutzten Dienste mit den jeweiligen Datenschutzerkl\u00e4rungen: <\/p>\n<h3>Antispam<\/h3>\n<ul>\n<li><strong>Akismet<\/strong> (<a href=\"https:\/\/automattic.com\/privacy\/\" target=\"_blank\" rel=\"noopener noreferrer\">Datenschutzerkl\u00e4rung<\/a>), um unsere Website und unsere Leser vor sch\u00e4dlichen Inhalten zu sch\u00fctzen.<\/li>\n<li><strong>ReCAPTCHA<\/strong> (<a href=\"https:\/\/policies.google.com\/?hl=it\" target=\"_blank\" rel=\"noopener noreferrer\">Datenschutzerkl\u00e4rung<\/a>), um den Spam zu reduzieren, den wir erhalten.<\/li>\n<\/ul>\n<h3>Statistiken<\/h3>\n<ul>\n<li><strong>Google Analytics<\/strong> (<a href=\"https:\/\/www.google.com\/intl\/it_it\/analytics\/learn\/privacy.html\" target=\"_blank\" rel=\"noopener noreferrer\">Datenschutzerkl\u00e4rung<\/a>), um Statistiken \u00fcber Besuche zu erhalten.<\/li>\n<\/ul>\n<h3>Sicherheit<\/h3>\n<ul>\n<li><strong>Sucuri<\/strong> (<a href=\"https:\/\/sucuri.net\/privacy\" target=\"_blank\" rel=\"noopener noreferrer\">Datenschutzerkl\u00e4rung<\/a>), zur \u00dcberwachung von Sicherheitsproblemen.<\/li>\n<\/ul>\n<h2>Wie lange wir Ihre Daten speichern<\/h2>\n<p>Wir bewahren Ihre personenbezogenen Daten f\u00fcr den gesamten Zeitraum auf, in dem das Konto aktiv ist. Im Abschnitt \u201eIhre Rechte\u201c finden Sie eine Beschreibung des Rechts auf L\u00f6schung. <\/p>\n<h2>\u00c4nderungen des Datenschutzes<\/h2>\n<p>Wir behalten uns das Recht vor, diese Datenschutzerkl\u00e4rung gelegentlich im Zusammenhang mit Verbesserungen unserer Angebote sowie der technologischen und rechtlichen Entwicklung zu aktualisieren. Diese Datenschutzerkl\u00e4rung wurde zuletzt am 9. Mai 2024 ge\u00e4ndert. <\/p>\n","protected":false},"excerpt":{"rendered":"<p>Valli Lanzo &amp; Maira S.c.a.r.l. beabsichtigt, im Einklang mit dem Gesetzesdekret 196\/2003 (im Folgenden \u201eDatenschutzkodex\u201c) und der Verordnung (EU) 2016\/679<\/p>\n","protected":false},"author":1,"featured_media":0,"parent":0,"menu_order":0,"comment_status":"closed","ping_status":"open","template":"","meta":{"footnotes":""},"class_list":["post-1196","page","type-page","status-publish","hentry"],"_links":{"self":[{"href":"https:\/\/vallilanzoemaira.it\/de\/wp-json\/wp\/v2\/pages\/1196","targetHints":{"allow":["GET"]}}],"collection":[{"href":"https:\/\/vallilanzoemaira.it\/de\/wp-json\/wp\/v2\/pages"}],"about":[{"href":"https:\/\/vallilanzoemaira.it\/de\/wp-json\/wp\/v2\/types\/page"}],"author":[{"embeddable":true,"href":"https:\/\/vallilanzoemaira.it\/de\/wp-json\/wp\/v2\/users\/1"}],"replies":[{"embeddable":true,"href":"https:\/\/vallilanzoemaira.it\/de\/wp-json\/wp\/v2\/comments?post=1196"}],"version-history":[{"count":0,"href":"https:\/\/vallilanzoemaira.it\/de\/wp-json\/wp\/v2\/pages\/1196\/revisions"}],"wp:attachment":[{"href":"https:\/\/vallilanzoemaira.it\/de\/wp-json\/wp\/v2\/media?parent=1196"}],"curies":[{"name":"wp","href":"https:\/\/api.w.org\/{rel}","templated":true}]}}