{"id":1144,"date":"2024-05-09T10:52:54","date_gmt":"2024-05-09T08:52:54","guid":{"rendered":"https:\/\/vallilanzoemaira.it\/politique-de-confidentialite\/"},"modified":"2024-05-09T10:52:54","modified_gmt":"2024-05-09T08:52:54","slug":"politique-de-confidentialite","status":"publish","type":"page","link":"https:\/\/vallilanzoemaira.it\/fr\/politique-de-confidentialite\/","title":{"rendered":"Politique de confidentialit\u00e9"},"content":{"rendered":"<p>Valli Lanzo &amp; Maira S.c.a.r.l., conform\u00e9ment au d\u00e9cret l\u00e9gislatif 196\/2003 (ci-apr\u00e8s \u00ab Code de la vie priv\u00e9e \u00bb) et au r\u00e8glement (UE) 2016\/679 (ci-apr\u00e8s \u00ab RGPD \u00bb), entend garantir la confidentialit\u00e9 et la s\u00e9curit\u00e9 des donn\u00e9es personnelles de chaque visiteur conform\u00e9ment aux dispositions de la pr\u00e9sente politique de confidentialit\u00e9. <\/p>\n<h2>Qui sommes-nous<\/h2>\n<p>Valli Lanzo &amp; Maira S.c.a.r.l. est le responsable du traitement des donn\u00e9es pour ce site. Le si\u00e8ge social se trouve Piazza XX Settembre 3, Dronero (12025). Vous pouvez nous contacter via <a href=\"\/#contatti\">ce formulaire<\/a>.  <\/p>\n<h2>Quelles donn\u00e9es personnelles nous collectons et pourquoi<\/h2>\n<p>Nous collectons un ensemble de donn\u00e9es personnelles relatives \u00e0 nos clients et aux utilisateurs qui visitent notre site, appartenant aux cat\u00e9gories d\u00e9crites ci-apr\u00e8s. L&rsquo;utilisation du site n&rsquo;est pas destin\u00e9e aux mineurs de 16 ans et nous ne collectons pas sciemment de donn\u00e9es les concernant. Si nous constatons avoir collect\u00e9 des donn\u00e9es personnelles d&rsquo;utilisateurs mineurs de 16 ans, nous prendrons les mesures n\u00e9cessaires pour supprimer ces informations dans les plus brefs d\u00e9lais.  <\/p>\n<h3 id=\"cookies\">Cookies<\/h3>\n<p>Les cookies sont des fichiers qui peuvent \u00eatre enregistr\u00e9s sur le disque dur de votre appareil. Cela permet une navigation plus fluide et une plus grande facilit\u00e9 d&rsquo;utilisation du site. Les cookies peuvent \u00eatre utilis\u00e9s pour d\u00e9terminer si une connexion a d\u00e9j\u00e0 \u00e9t\u00e9 \u00e9tablie entre votre appareil et nos pages. Les cookies pr\u00e9sents sur un site web se divisent en plusieurs cat\u00e9gories principales :   <\/p>\n<ul>\n<li><strong>Cookies techniques :<\/strong> ce sont les cookies qui servent \u00e0 effectuer la navigation ou \u00e0 fournir un service demand\u00e9 par l&rsquo;utilisateur. Ils ne sont pas utilis\u00e9s \u00e0 d&rsquo;autres fins et sont normalement install\u00e9s directement par le propri\u00e9taire du site web. Ces cookies ne n\u00e9cessitent pas de consentement.  <\/li>\n<li><strong>Cookies de profilage :<\/strong> ce sont les cookies utilis\u00e9s pour suivre la navigation de l&rsquo;utilisateur sur le r\u00e9seau et cr\u00e9er des profils sur ses go\u00fbts, habitudes, choix, etc. Gr\u00e2ce \u00e0 ces cookies, des messages publicitaires conformes aux pr\u00e9f\u00e9rences d\u00e9j\u00e0 manifest\u00e9es par l&rsquo;utilisateur lors de sa navigation en ligne peuvent \u00eatre transmis \u00e0 son terminal.<\/li>\n<\/ul>\n<p>La plupart des navigateurs acceptent automatiquement les cookies. Vous pouvez refuser ou r\u00e9voquer l&rsquo;autorisation \u00e0 tout moment en s\u00e9lectionnant les param\u00e8tres correspondants dans les options sp\u00e9cifiques du navigateur que vous utilisez. Pour obtenir plus d&rsquo;informations sur la mani\u00e8re d&rsquo;effectuer cette op\u00e9ration, vous pouvez consulter les instructions de votre navigateur :  <\/p>\n<ul>\n<li><a href=\"https:\/\/support.google.com\/chrome\/answer\/95647?hl=it&amp;p=cpn_cookies\">Google Chrome<\/a><\/li>\n<li><a href=\"https:\/\/support.mozilla.org\/it\/kb\/Attivare%20e%20disattivare%20i%20cookie\">Mozilla Firefox<\/a><\/li>\n<li><a href=\"https:\/\/support.apple.com\/it-it\/HT201265\">Apple Safari<\/a><\/li>\n<li><a href=\"https:\/\/windows.microsoft.com\/it-it\/internet-explorer\/delete-manage-cookies#ie=ie-11\">Microsoft Internet Explorer<\/a><\/li>\n<li><a href=\"https:\/\/privacy.microsoft.com\/it-it\/windows-10-microsoft-edge-and-privacy\">Microsoft Edge<\/a><\/li>\n<\/ul>\n<p>Le choix de ne pas accepter les cookies dans le navigateur peut limiter les fonctions accessibles sur notre site. Ce site utilise les cookies suivants : <\/p>\n<h4>Cookies de premi\u00e8re partie<\/h4>\n<p>Ce site utilise les cookies techniques suivants dans le seul but de fournir le service de la meilleure fa\u00e7on possible :<\/p>\n<ul>\n<li><a href=\"https:\/\/codex.wordpress.org\/WordPress_Cookies\" target=\"_blank\" rel=\"noopener noreferrer\">WordPress<\/a><\/li>\n<li><strong>cookie_notice<\/strong> : sert \u00e0 m\u00e9moriser le choix effectu\u00e9 par l&rsquo;utilisateur qui accepte ou non l&rsquo;utilisation des cookies sur ce site.<\/li>\n<\/ul>\n<h4>Cookies de tierces parties<\/h4>\n<p>Ce site collecte des informations, sous forme agr\u00e9g\u00e9e, sur le nombre d&rsquo;utilisateurs et sur la mani\u00e8re dont ils visitent le site. De plus, pour fournir un meilleur service, il utilise des objets int\u00e9gr\u00e9s pour offrir davantage de fonctionnalit\u00e9s. Pour obtenir des informations sur les finalit\u00e9s, le type et les modalit\u00e9s de collecte, de traitement, d&rsquo;utilisation et de conservation des donn\u00e9es personnelles par la tierce partie, ainsi que sur les modalit\u00e9s d&rsquo;exercice de vos droits, veuillez consulter la politique de confidentialit\u00e9 adopt\u00e9e par chaque tierce partie. En r\u00e9sum\u00e9, les cookies de tierces parties suivants sont t\u00e9l\u00e9charg\u00e9s :  <\/p>\n<ul>\n<li><a href=\"https:\/\/developers.google.com\/analytics\/devguides\/collection\/analyticsjs\/cookie-usage\" target=\"_blank\" rel=\"noopener noreferrer\">Google Analytics<\/a> : assimil\u00e9s aux cookies techniques car le masquage de l&rsquo;adresse IP est utilis\u00e9 pour collecter des informations, sous forme agr\u00e9g\u00e9e, sur le nombre d&rsquo;utilisateurs et sur la mani\u00e8re dont ils visitent le site. Il est possible de t\u00e9l\u00e9charger un module compl\u00e9mentaire de navigateur pour d\u00e9sactiver Google Analytics (<a href=\"https:\/\/tools.google.com\/dlpage\/gaoptout?hl=it\">plus d&rsquo;informations<\/a>). <\/li>\n<li>ReCAPTCHA : assimil\u00e9s aux cookies techniques car le domaine www.recaptcha.net est utilis\u00e9 \u00e0 la place de www.google.com (<a href=\"https:\/\/developers.google.com\/recaptcha\/docs\/faq\">info<\/a>).<\/li>\n<\/ul>\n<h3>Demande de contact<\/h3>\n<p>Si vous nous contactez via l&rsquo;un des formulaires disponibles sur le site, nous vous demandons votre nom, pr\u00e9nom et adresse e-mail. Ces informations nous permettent de vous r\u00e9pondre \u00e9ventuellement et ne sont pas rendues publiques. Ne partagez pas de documents personnels ou d&rsquo;informations sensibles avec nous, ni vous concernant ni concernant d&rsquo;autres personnes. Pour limiter le spam, nous utilisons le service reCAPTCHA de Google, auquel sont transmises certaines donn\u00e9es, dont l&rsquo;adresse IP que vous utilisez. Voici la <a href=\"https:\/\/policies.google.com\/?hl=it\" target=\"_blank\" rel=\"noopener noreferrer\">politique de confidentialit\u00e9 de reCAPTCHA<\/a>.    <\/p>\n<h2>Vos droits<\/h2>\n<p>Si vous avez un compte sur ce site, ou si vous avez laiss\u00e9 des commentaires ou des avis, vous pouvez demander via le <a href=\"\/#contatti\">formulaire de contact<\/a> quelles donn\u00e9es nous conservons sur vous, y compris les donn\u00e9es que vous nous avez fournies. Apr\u00e8s nous \u00eatre assur\u00e9s que la demande provient bien de vous, nous vous fournirons dans les plus brefs d\u00e9lais un fichier au format ZIP contenant toutes les informations que nous avons sur vous. De m\u00eame, vous avez le droit de demander la rectification ou la suppression de toutes les donn\u00e9es personnelles vous concernant, ainsi que la limitation et l&rsquo;opposition au traitement de celles-ci, en plus de leur transmission \u00e0 un autre responsable du traitement. Toutefois, ces droits ne concernent pas les donn\u00e9es que nous sommes oblig\u00e9s de conserver \u00e0 des fins administratives, l\u00e9gales ou de s\u00e9curit\u00e9.   <\/p>\n<h2>Conservation des donn\u00e9es personnelles<\/h2>\n<p>Vos donn\u00e9es sont conserv\u00e9es sur un serveur priv\u00e9 virtuel de Serverplan h\u00e9berg\u00e9 dans une ferme de serveurs en Italie. Voici la <a href=\"https:\/\/www.serverplan.com\/about-us\/privacy\" target=\"_blank\" rel=\"noopener noreferrer\">politique de confidentialit\u00e9 de Serverplan<\/a>. Pour des raisons de s\u00e9curit\u00e9, nous conservons certaines copies de sauvegarde sur Amazon S3. Voici la <a href=\"https:\/\/aws.amazon.com\/it\/privacy\/\" target=\"_blank\" rel=\"noopener noreferrer\">politique de confidentialit\u00e9 d&rsquo;Amazon AWS<\/a>.   <\/p>\n<h2>Partage des donn\u00e9es personnelles<\/h2>\n<p>Nous partageons vos donn\u00e9es personnelles avec d&rsquo;autres entreprises uniquement et exclusivement lorsque cela est strictement indispensable pour vous fournir un service conform\u00e9ment \u00e0 ce qui est d\u00e9crit dans les paragraphes pr\u00e9c\u00e9dents. Voici les services que nous utilisons avec leurs politiques de confidentialit\u00e9 respectives : <\/p>\n<h3>Antispam<\/h3>\n<ul>\n<li><strong>Akismet<\/strong> (<a href=\"https:\/\/automattic.com\/privacy\/\" target=\"_blank\" rel=\"noopener noreferrer\">politique de confidentialit\u00e9<\/a>), pour prot\u00e9ger notre site et nos lecteurs des contenus malveillants.<\/li>\n<li><strong>ReCAPTCHA<\/strong> (<a href=\"https:\/\/policies.google.com\/?hl=it\" target=\"_blank\" rel=\"noopener noreferrer\">politique de confidentialit\u00e9<\/a>), pour r\u00e9duire le spam que nous recevons.<\/li>\n<\/ul>\n<h3>Statistiques<\/h3>\n<ul>\n<li><strong>Google Analytics<\/strong> (<a href=\"https:\/\/www.google.com\/intl\/it_it\/analytics\/learn\/privacy.html\" target=\"_blank\" rel=\"noopener noreferrer\">politique de confidentialit\u00e9<\/a>), pour obtenir des statistiques sur les visites.<\/li>\n<\/ul>\n<h3>S\u00e9curit\u00e9<\/h3>\n<ul>\n<li><strong>Sucuri<\/strong> (<a href=\"https:\/\/sucuri.net\/privacy\" target=\"_blank\" rel=\"noopener noreferrer\">politique de confidentialit\u00e9<\/a>), pour la surveillance des probl\u00e8mes de s\u00e9curit\u00e9.<\/li>\n<\/ul>\n<h2>Combien de temps nous conservons vos donn\u00e9es<\/h2>\n<p>Nous conserverons vos donn\u00e9es personnelles pendant toute la p\u00e9riode durant laquelle le compte sera actif. Dans le paragraphe \u00ab Vos droits \u00bb, vous pouvez consulter une description relative au droit de suppression.<\/p>\n<h2>Modifications de la protection de la vie priv\u00e9e<\/h2>\n<p>Nous nous r\u00e9servons le droit de mettre \u00e0 jour occasionnellement la pr\u00e9sente politique de confidentialit\u00e9 en fonction des am\u00e9liorations apport\u00e9es \u00e0 nos offres et de l&rsquo;\u00e9volution technologique et r\u00e9glementaire. Cette politique de confidentialit\u00e9 a \u00e9t\u00e9 modifi\u00e9e pour la derni\u00e8re fois le 9 mai 2024.<\/p>\n","protected":false},"excerpt":{"rendered":"<p>Valli Lanzo &amp; Maira S.c.a.r.l., conform\u00e9ment au d\u00e9cret l\u00e9gislatif 196\/2003 (ci-apr\u00e8s \u00ab Code de la vie priv\u00e9e \u00bb) et au<\/p>\n","protected":false},"author":1,"featured_media":0,"parent":0,"menu_order":0,"comment_status":"closed","ping_status":"open","template":"","meta":{"footnotes":""},"class_list":["post-1144","page","type-page","status-publish","hentry"],"_links":{"self":[{"href":"https:\/\/vallilanzoemaira.it\/fr\/wp-json\/wp\/v2\/pages\/1144","targetHints":{"allow":["GET"]}}],"collection":[{"href":"https:\/\/vallilanzoemaira.it\/fr\/wp-json\/wp\/v2\/pages"}],"about":[{"href":"https:\/\/vallilanzoemaira.it\/fr\/wp-json\/wp\/v2\/types\/page"}],"author":[{"embeddable":true,"href":"https:\/\/vallilanzoemaira.it\/fr\/wp-json\/wp\/v2\/users\/1"}],"replies":[{"embeddable":true,"href":"https:\/\/vallilanzoemaira.it\/fr\/wp-json\/wp\/v2\/comments?post=1144"}],"version-history":[{"count":0,"href":"https:\/\/vallilanzoemaira.it\/fr\/wp-json\/wp\/v2\/pages\/1144\/revisions"}],"wp:attachment":[{"href":"https:\/\/vallilanzoemaira.it\/fr\/wp-json\/wp\/v2\/media?parent=1144"}],"curies":[{"name":"wp","href":"https:\/\/api.w.org\/{rel}","templated":true}]}}